{"id":535,"date":"2018-09-24T09:55:29","date_gmt":"2018-09-24T09:55:29","guid":{"rendered":"https:\/\/die-dental-lounge.de\/?page_id=535"},"modified":"2019-06-04T16:20:10","modified_gmt":"2019-06-04T16:20:10","slug":"loesungen-zahntechnik-lueneburg","status":"publish","type":"page","link":"https:\/\/die-dental-lounge.de\/?page_id=535","title":{"rendered":"L\u00f6sungen"},"content":{"rendered":"<\/div><\/div><\/div><!-- close content main div --><\/div><\/div><div id='full_slider_1' class='avia-fullwidth-slider main_color avia-shadow   container_wrap fullsize'   ><div  data-size='featured'  data-lightbox_size='large'  data-animation='fade'  data-conditional_play=''  data-ids='601'  data-video_counter='0'  data-autoplay='false'  data-bg_slider='false'  data-slide_height=''  data-handle='av_slideshow_full'  data-interval='5'  data-class=' '  data-css_id=''  data-scroll_down=''  data-control_layout='av-control-minimal'  data-custom_markup=''  data-perma_caption=''  data-autoplay_stopper=''  data-image_attachment=''  data-min_height='0px'  data-src=''  data-position='top left'  data-repeat='no-repeat'  data-attach='scroll'  data-stretch=''  data-default-height='28.666666666667'  class='avia-slideshow avia-slideshow-1  av-control-minimal av-default-height-applied avia-slideshow-featured av_slideshow_full   avia-fade-slider '  itemprop=\"ImageObject\" itemscope=\"itemscope\" itemtype=\"https:\/\/schema.org\/ImageObject\" ><ul class='avia-slideshow-inner ' style='padding-bottom: 28.666666666667%;' ><li  class=' av-single-slide slide-1 ' ><div data-rel='slideshow-1' class='avia-slide-wrap '   ><img src='https:\/\/die-dental-lounge.de\/wp-content\/uploads\/2018\/12\/diendentalloungewebseite-1-1500x430.png' width='1500' height='430' title='diendentalloungewebseite' alt=''  itemprop=\"thumbnailUrl\"   \/><\/div><\/li><\/ul><\/div><\/div>\n<\/div><\/div><\/div><!-- close content main div --><\/div><\/div><div id='av_section_1' class='avia-section main_color avia-section-huge avia-no-border-styling avia-bg-style-scroll   container_wrap fullsize' style = 'background-image: '  ><div class='container' ><div class='template-page content  av-content-full alpha units'><div class='post-entry post-entry-type-page post-entry-535'><div class='entry-content-wrapper clearfix'>\n<div style='padding-bottom:20px; font-size:40px;' class='av-special-heading av-special-heading-h1  blockquote modern-quote modern-centered   av-inherit-size '><h1 class='av-special-heading-tag '  itemprop=\"headline\"  >Individuelle L\u00f6sungen<\/h1><div class='special-heading-border'><div class='special-heading-inner-border' ><\/div><\/div><\/div>\n<div class=\"flex_column av_one_fifth  flex_column_div av-zero-column-padding first  \" style='border-radius:0px; '><\/div><div class=\"flex_column av_three_fifth  av-animated-generic bottom-to-top  flex_column_div av-zero-column-padding   \" style='border-radius:0px; '><section class=\"av_textblock_section \"  itemscope=\"itemscope\" itemtype=\"https:\/\/schema.org\/CreativeWork\" ><div class='avia_textblock  '   itemprop=\"text\" ><p style=\"text-align: center;\">Jeder Zahnersatz ist ein Unikat &#8211; ob einzelnes keramisches Veneer oder komplexe implantatgetragene Zahnrekonstruktionen.<br \/>\nWir paaren handwerkliche Kunst mit digitalen Technologien und modernsten Dentalkeramiken.<\/p>\n<p style=\"text-align: center;\">Das Ergebnis: H\u00f6chste Materialqualit\u00e4t, absolute Pr\u00e4zision und Zahnersatz, der als solcher nicht wahrgenommen wird. Durch dieses Ergebnis heben wir die Zahntechnik auf eine neue Ebene.<\/p>\n<\/div><\/section><br \/>\n<div style=' margin-top:70px; margin-bottom:0px;'  class='hr hr-custom hr-center hr-icon-no  '><span class='hr-inner   inner-border-av-border-thin' style=' width:90px;' ><span class='hr-inner-style'><\/span><\/span><\/div><\/p><\/div><div class=\"flex_column av_one_fifth  flex_column_div av-zero-column-padding   \" style='border-radius:0px; '><\/div><\/div><\/div><\/div><!-- close content main div --><\/div><\/div><div id='av_section_2' class='avia-section main_color avia-section-small avia-no-border-styling avia-bg-style-scroll   container_wrap fullsize' style = 'background-image: '  ><div class='container' ><div class='template-page content  av-content-full alpha units'><div class='post-entry post-entry-type-page post-entry-535'><div class='entry-content-wrapper clearfix'>\n<div style='padding-bottom:65px; margin:0 0 0 0; font-size:40px;' class='av-special-heading av-special-heading-h2  blockquote modern-quote modern-centered  av-inherit-size '><h2 class='av-special-heading-tag '  itemprop=\"headline\"  >Leistungsportfolio<\/h2><div class='special-heading-border'><div class='special-heading-inner-border' ><\/div><\/div><\/div>\n<div class=\"flex_column av_one_half  flex_column_div av-zero-column-padding first  \" style='border-radius:0px; '><section class=\"av_textblock_section \"  itemscope=\"itemscope\" itemtype=\"https:\/\/schema.org\/CreativeWork\" ><div class='avia_textblock  '   itemprop=\"text\" ><h4>Hochwertiger Zahnersatz<\/h4>\n<\/div><\/section><br \/>\n<div style='height:25px' class='hr hr-invisible  '><span class='hr-inner ' ><span class='hr-inner-style'><\/span><\/span><\/div><br \/>\n<section class=\"av_textblock_section \"  itemscope=\"itemscope\" itemtype=\"https:\/\/schema.org\/CreativeWork\" ><div class='avia_textblock  '   itemprop=\"text\" ><ul>\n<li>Spezialisierung auf Frontzahnsanierungen und Komplett-Rehabilitationen<\/li>\n<li>Inlays und Onlays<\/li>\n<li>Br\u00fccken<\/li>\n<li>Kronen<\/li>\n<li>Veneers und Non-prep Veneers<\/li>\n<li>Implantatversorgungen\/individuelle Abutments<\/li>\n<li>Teleskoptechnik &#8211; h\u00f6chste Pr\u00e4zision f\u00fcr die perfekte Friktion<\/li>\n<li>Funktionsschienen<\/li>\n<li>Individuelle Abforml\u00f6ffel<\/li>\n<\/ul>\n<\/div><\/section><\/p><\/div><div class=\"flex_column av_one_half  flex_column_div av-zero-column-padding   \" style='border-radius:0px; '><section class=\"av_textblock_section \"  itemscope=\"itemscope\" itemtype=\"https:\/\/schema.org\/CreativeWork\" ><div class='avia_textblock  '   itemprop=\"text\" ><h4><strong>Enge Zusammenarbeit mit Zahnarzt und Patient<\/strong><\/h4>\n<\/div><\/section><br \/>\n<div style='height:25px' class='hr hr-invisible  '><span class='hr-inner ' ><span class='hr-inner-style'><\/span><\/span><\/div><br \/>\n<section class=\"av_textblock_section \"  itemscope=\"itemscope\" itemtype=\"https:\/\/schema.org\/CreativeWork\" ><div class='avia_textblock  '   itemprop=\"text\" ><ul>\n<li>Individuelle Patientenberatung<\/li>\n<li>\u00c4sthetik-, Funktions-, Farbanalyse<\/li>\n<li>Digitale Planung\/Implantatplanung\/Bohrschablonen<\/li>\n<li>Langzeitprovisorien<\/li>\n<li>Pre-\u00e4sthetische Visualisierung des geplanten<br \/>\nZahnersatzes durch Wax-up<\/li>\n<li>Dentalfotografie<\/li>\n<li>Anproben direkt im Labor und finales<br \/>\nEinstellen der individuellen Z\u00e4hne<\/li>\n<\/ul>\n<\/div><\/section><\/p><\/div><div style='height:100px' class='hr hr-invisible  '><span class='hr-inner ' ><span class='hr-inner-style'><\/span><\/span><\/div>\n<\/div><\/div><\/div><!-- close content main div --><\/div><\/div><div id='av-layout-grid-1' class='av-layout-grid-container entry-content-wrapper main_color av-flex-cells    container_wrap fullsize'   >\n<div class=\"flex_cell no_margin av_one_half   \" style='vertical-align:middle; padding:80px; '><div class='flex_cell_inner' ><p><div style='padding-bottom:10px; ' class='av-special-heading av-special-heading-h2  blockquote modern-quote   '><h2 class='av-special-heading-tag '  itemprop=\"headline\"  >Die unsichtbare Neuheit<\/h2><div class='special-heading-border'><div class='special-heading-inner-border' ><\/div><\/div><\/div><br \/>\n<section class=\"av_textblock_section \"  itemscope=\"itemscope\" itemtype=\"https:\/\/schema.org\/CreativeWork\" ><div class='avia_textblock  '   itemprop=\"text\" ><p>Ein neuartiger Spezialkunststoff bildet die Grundlage f\u00fcr die Herstellung unserer Funktionsschienen. Die thermoaktive<br \/>\nFlexibilit\u00e4t der Schiene erm\u00f6glicht eine pr\u00e4zise Anpassung an die Zahnsituation und weist so einen h\u00f6heren und<br \/>\nspannungsfreien Tragekomfort auf. Dar\u00fcber hinaus ist dieses Material bruchstabiler als herk\u00f6mmlicher Kunststoff. Die Schiene ist<br \/>\nselbstadjustierend im Mund, wenn sie vor Gebrauch zur Flexibilisierung erw\u00e4rmt wird. Da der Kunststoff MMA-frei ist, \u00fcberzeugt er ebenso durch seine hohe Vertr\u00e4glichkeit. Die durchsichtige und optische Klarheit des Materials erlaubt nahezu unbemerktes Tragen.<\/p>\n<p>Auch unsere Interimsversorgungen erfahren durch diesen neuartigen Werkstoff einen signifikanten Vorteil. Mit der Verwendung des flexiblen<br \/>\nKunststoffs er\u00f6ffnet sich die M\u00f6glichkeit einer Versorgung, die frei von un\u00e4sthetischen Metallklammern ist und grazil gestaltet werden kann.<\/p>\n<\/div><\/section><\/p>\n<\/div><\/div><div class=\"flex_cell no_margin av_one_half   av-zero-padding \" style='vertical-align:bottom; padding:0px; '><div class='flex_cell_inner' ><div class='avia-image-container  av-styling-no-styling    avia-align-center '  itemprop=\"ImageObject\" itemscope=\"itemscope\" itemtype=\"https:\/\/schema.org\/ImageObject\"  ><div class='avia-image-container-inner'><div class='avia-image-overlay-wrap'><img class='avia_image ' src='https:\/\/die-dental-lounge.de\/wp-content\/uploads\/2019\/04\/Bild1_gross.jpg' alt='' title='Bild1_gross' height=\"1800\"width=\"1800\"  itemprop=\"thumbnailUrl\"  \/><\/div><\/div><\/div>\n<\/div><\/div>\n<\/div><\/p>\n<\/div><\/div><\/div><!-- close content main div --><\/div><\/div><div id='av-layout-grid-2' class='av-layout-grid-container entry-content-wrapper main_color av-flex-cells    container_wrap fullsize'   >\n<div class=\"flex_cell no_margin av_one_half   av-zero-padding \" style='vertical-align:middle; padding:0px; '><div class='flex_cell_inner' ><div class='avia-image-container  av-styling-no-styling    avia-align-center '  itemprop=\"ImageObject\" itemscope=\"itemscope\" itemtype=\"https:\/\/schema.org\/ImageObject\"  ><div class='avia-image-container-inner'><div class='avia-image-overlay-wrap'><img class='avia_image ' src='https:\/\/die-dental-lounge.de\/wp-content\/uploads\/2019\/04\/Loeffel_gross.jpg' alt='' title='Loeffel_gross' height=\"974\"width=\"1300\"  itemprop=\"thumbnailUrl\"  \/><\/div><\/div><\/div>\n<\/div><\/div><div class=\"flex_cell no_margin av_one_half   \" style='vertical-align:middle; padding:80px; '><div class='flex_cell_inner' ><p><div style='padding-bottom:10px; ' class='av-special-heading av-special-heading-h2  blockquote modern-quote   '><h2 class='av-special-heading-tag '  itemprop=\"headline\"  >Individueller Abforml\u00f6ffel<\/h2><div class='special-heading-border'><div class='special-heading-inner-border' ><\/div><\/div><\/div><br \/>\n<section class=\"av_textblock_section \"  itemscope=\"itemscope\" itemtype=\"https:\/\/schema.org\/CreativeWork\" ><div class='avia_textblock  '   itemprop=\"text\" ><p>Diese Technik revolutioniert die Abformung sowie Bissregistrierung. Das Ziel ist, f\u00fcr die finale Versorgung des Patienten eine zuverl\u00e4ssige<br \/>\nArbeitsgrundlage einfach und schnell digital zu erstellen. Form und Gestaltung des individuellen L\u00f6ffels werden sowohl auf das Abformmaterial<br \/>\nals auch auf das Abformverfahren in reproduzierbarer Qualit\u00e4t abgestimmt. Da jedes Material andere Eigenschaften besitzt, wie Flie\u00dfverhalten oder H\u00e4rte, wird der Abforml\u00f6ffel automatisch an die unterschiedlichen Eigenschaften angepasst. Eine zus\u00e4tzliche Umb\u00f6rdelung des Randes optimiert den Kompressionsdruck und sorgt f\u00fcr gleichm\u00e4\u00dfige Abdr\u00fccke. Ein Adh\u00e4siv ist nicht erforderlich. Der Patient erf\u00e4hrt dadurch einen signifikanten Komfort.<\/p>\n<\/div><\/section><\/p>\n<\/div><\/div>\n<\/div>\n<\/div><\/div><\/div><!-- close content main div --><\/div><\/div><div id='av-layout-grid-3' class='av-layout-grid-container entry-content-wrapper main_color av-flex-cells    container_wrap fullsize'   >\n<div class=\"flex_cell no_margin av_one_half   \" style='vertical-align:middle; padding:80px; '><div class='flex_cell_inner' ><p><div style='padding-bottom:10px; ' class='av-special-heading av-special-heading-h2  blockquote modern-quote   '><h2 class='av-special-heading-tag '  itemprop=\"headline\"  >Veneers und Non-prep Veneers<\/h2><div class='special-heading-border'><div class='special-heading-inner-border' ><\/div><\/div><\/div><br \/>\n<section class=\"av_textblock_section \"  itemscope=\"itemscope\" itemtype=\"https:\/\/schema.org\/CreativeWork\" ><div class='avia_textblock  '   itemprop=\"text\" ><p>Veneers sind hauchd\u00fcnne, lichtdurchl\u00e4ssige Verblendschalen aus keramischem Material. Mittels einer individuellen Schichttechnik werden sie aufgebaut, filigran ausgearbeitet und mit einem Spezialkleber adh\u00e4siv auf die Zahnoberfl\u00e4che aufgebracht. Ein nur minimales Beschleifen des Zahnes ist n\u00f6tig.<\/p>\n<p>&#8222;Non-prep&#8220; bedeutet, dass der Zahn nicht pr\u00e4pariert bzw. beschliffen wird. Ein non-prep Veneer ist demnach eine nicht invasive Rekonstruktion auf einem nicht beschliffenen Zahn.<\/p>\n<p>Mit Hilfe dieser geschickten Technik, die meist im sichtbaren Frontzahnbereich eingesetzt wird, k\u00f6nnen leichte Zahnfehlstellungen, Zahnl\u00fccken, frakturierte Zahnhartsubstanz (abgebrochene Z\u00e4hne) oder unterdimensionierte Z\u00e4hne, unbefriedigende Zahnfarben und lokale Verf\u00e4rbungen korrigiert werden. Durch Veneers erhalten die sichtbaren Oberfl\u00e4chen der Z\u00e4hne ein optimiertes Aussehen. Selbst funktionelle Optimierungen und Bi\u00dfhebungen k\u00f6nnen durch Veneers (Onlays) behandelt werden.<\/p>\n<\/div><\/section><\/p>\n<\/div><\/div><div class=\"flex_cell no_margin av_one_half   av-zero-padding \" style='vertical-align:bottom; padding:0px; '><div class='flex_cell_inner' ><div class='avia-image-container  av-styling-no-styling    avia-align-center '  itemprop=\"ImageObject\" itemscope=\"itemscope\" itemtype=\"https:\/\/schema.org\/ImageObject\"  ><div class='avia-image-container-inner'><div class='avia-image-overlay-wrap'><img class='avia_image ' src='https:\/\/die-dental-lounge.de\/wp-content\/uploads\/2019\/01\/Veneers-e1549284120133-1030x901.jpg' alt='' title='Veneers' height=\"901\"width=\"1030\"  itemprop=\"thumbnailUrl\"  \/><\/div><\/div><\/div>\n<\/div><\/div>\n<\/div>\n<\/div><\/div><\/div><!-- close content main div --><\/div><\/div><div id='av-layout-grid-4' class='av-layout-grid-container entry-content-wrapper main_color av-flex-cells    container_wrap fullsize'   >\n<div class=\"flex_cell no_margin av_one_half   av-zero-padding \" style='vertical-align:middle; padding:0px; '><div class='flex_cell_inner' ><div class='avia-image-container  av-styling-no-styling    avia-align-center '  itemprop=\"ImageObject\" itemscope=\"itemscope\" itemtype=\"https:\/\/schema.org\/ImageObject\"  ><div class='avia-image-container-inner'><div class='avia-image-overlay-wrap'><img class='avia_image ' src='https:\/\/die-dental-lounge.de\/wp-content\/uploads\/2019\/01\/KronenBr\u00fccken-1030x773.jpg' alt='' title='KronenBr\u00fccken' height=\"773\"width=\"1030\"  itemprop=\"thumbnailUrl\"  \/><\/div><\/div><\/div>\n<\/div><\/div><div class=\"flex_cell no_margin av_one_half   \" style='vertical-align:middle; padding:80px; '><div class='flex_cell_inner' ><p><div style='padding-bottom:10px; ' class='av-special-heading av-special-heading-h2  blockquote modern-quote   '><h2 class='av-special-heading-tag '  itemprop=\"headline\"  >Kronen und Br\u00fccken<\/h2><div class='special-heading-border'><div class='special-heading-inner-border' ><\/div><\/div><\/div><br \/>\n<section class=\"av_textblock_section \"  itemscope=\"itemscope\" itemtype=\"https:\/\/schema.org\/CreativeWork\" ><div class='avia_textblock  '   itemprop=\"text\" ><p>Kronen kommen zum Einsatz, wenn die Zahnsubstanz nicht mehr die n\u00f6tige Struktur und Stabilit\u00e4t bietet, um verklebte Teilzahn-Versorgungen aufzunehmen. Sie sch\u00fctzen die verbliebene Zahnsubstanz und bauen sie wieder auf.<\/p>\n<p>Vollkeramische, nahezu naturidentische Materialien kombiniert mit modernsten Fertigungsmethoden, kreativem Handwerk und zahn\u00e4rztlicher Zusammenarbeit, schaffen ideale Vorraussetzungen um Kronen perfekt zu integrieren. Der Unterschied zu nat\u00fcrlichen Z\u00e4hnen ist somit nicht mehr erkennbar. Das Zahnfleisch, der Zahnfleischsaum sowie die Krone bilden eine \u00e4sthetische Einheit und unterstreichen die Symbiose von Technik und Kunst.<\/p>\n<p>Br\u00fccken sind dann notwendig, wenn ein oder mehrere Z\u00e4hne fehlen und die Zahnreihe wieder komplettiert werden muss. Die Befestigung einer Br\u00fccke, die aus drei, vier und mehr Gliedern bestehen kann, erfolgt auf den Nachbarz\u00e4hnen, die hierzu beschliffen werden m\u00fcssen. Br\u00fccken stellen eine M\u00f6glichkeit der Zahnversorgung dar, wenn Implantate aus verschiedensten Gr\u00fcnden nicht in Frage kommen.<\/p>\n<\/div><\/section><\/p>\n<\/div><\/div>\n<\/div>\n<\/div><\/div><\/div><!-- close content main div --><\/div><\/div><div id='av-layout-grid-5' class='av-layout-grid-container entry-content-wrapper main_color av-flex-cells    container_wrap fullsize'   >\n<div class=\"flex_cell no_margin av_one_half   \" style='vertical-align:middle; padding:80px; '><div class='flex_cell_inner' ><p><div style='padding-bottom:10px; ' class='av-special-heading av-special-heading-h2  blockquote modern-quote   '><h2 class='av-special-heading-tag '  itemprop=\"headline\"  >Inlays und Onlays<\/h2><div class='special-heading-border'><div class='special-heading-inner-border' ><\/div><\/div><\/div><br \/>\n<section class=\"av_textblock_section \"  itemscope=\"itemscope\" itemtype=\"https:\/\/schema.org\/CreativeWork\" ><div class='avia_textblock  '   itemprop=\"text\" ><p>Zahnfarbene keramische F\u00fcllungen sind hinsichtlich ihrer \u00c4sthetik Goldf\u00fcllungen weit \u00fcberlegen. Durch die bessere Haltbarkeit sind sie auch gegen\u00fcber Kunststofff\u00fcllungen eine attraktive Alternative.<\/p>\n<\/div><\/section><\/p>\n<\/div><\/div><div class=\"flex_cell no_margin av_one_half   av-zero-padding \" style='vertical-align:middle; padding:0px; '><div class='flex_cell_inner' ><div class='avia-image-container  av-styling-no-styling    avia-align-center '  itemprop=\"ImageObject\" itemscope=\"itemscope\" itemtype=\"https:\/\/schema.org\/ImageObject\"  ><div class='avia-image-container-inner'><div class='avia-image-overlay-wrap'><img class='avia_image ' src='https:\/\/die-dental-lounge.de\/wp-content\/uploads\/2019\/01\/inlay-1030x773.jpg' alt='' title='inlay' height=\"773\"width=\"1030\"  itemprop=\"thumbnailUrl\"  \/><\/div><\/div><\/div>\n<\/div><\/div>\n<\/div>\n<\/div><\/div><\/div><!-- close content main div --><\/div><\/div><div id='av-layout-grid-6' class='av-layout-grid-container entry-content-wrapper main_color av-flex-cells    container_wrap fullsize'   >\n<div class=\"flex_cell no_margin av_one_half   av-zero-padding \" style='vertical-align:middle; padding:0px; '><div class='flex_cell_inner' ><div class='avia-image-container  av-styling-no-styling    avia-align-center '  itemprop=\"ImageObject\" itemscope=\"itemscope\" itemtype=\"https:\/\/schema.org\/ImageObject\"  ><div class='avia-image-container-inner'><div class='avia-image-overlay-wrap'><img class='avia_image ' src='https:\/\/die-dental-lounge.de\/wp-content\/uploads\/2019\/01\/Implantate-e1549284209378-1030x871.jpg' alt='' title='Implantate' height=\"871\"width=\"1030\"  itemprop=\"thumbnailUrl\"  \/><\/div><\/div><\/div>\n<\/div><\/div><div class=\"flex_cell no_margin av_one_half   \" style='vertical-align:middle; padding:80px; '><div class='flex_cell_inner' ><p><div style='padding-bottom:10px; ' class='av-special-heading av-special-heading-h2  blockquote modern-quote   '><h2 class='av-special-heading-tag '  itemprop=\"headline\"  >Implantate \/ individuelle Abutments<\/h2><div class='special-heading-border'><div class='special-heading-inner-border' ><\/div><\/div><\/div><br \/>\n<section class=\"av_textblock_section \"  itemscope=\"itemscope\" itemtype=\"https:\/\/schema.org\/CreativeWork\" ><div class='avia_textblock  '   itemprop=\"text\" ><p>Die Implantatprothetik liefert die eleganteste Option, verlorengegangene Z\u00e4hne wieder zu ersetzen.<\/p>\n<p>Implantate sind k\u00fcnstliche Zahnwurzeln. In Verbindung mit individuellen Aufbauten und darauf befestigten vollkeramischen Kronen, bilden sie die nat\u00fcrlichen Z\u00e4hne vollst\u00e4ndig nach. Sie verwachsen fest mit dem Kieferknochen und sorgen daf\u00fcr, dass &#8211; \u00e4hnlich wie bei nat\u00fcrlichen<br \/>\nZ\u00e4hnen &#8211; physiologische Reize eingeleitet werden und diese langfristig erhalten bleiben. Somit stellen Implantate eine sehr nat\u00fcrliche Zahnersatzform dar, die bei fast allen gesunden Patienten Anwendung finden k\u00f6nnen. Moderne Implantate bestehen aus hochreinem Titan mit einer speziellen Oberfl\u00e4che. Titan weist eine hohe Biokompatibilit\u00e4t auf und gilt als sehr gut vertr\u00e4glich. Von namhaften Herstellern angeboten, werden sie heute hochpr\u00e4zise angefertigt und unterliegen strengsten Qualit\u00e4tskontrollen.<\/p>\n<p>Alternativ gibt es f\u00fcr Patienten, die Metall prinzipiell ablehnen, die M\u00f6glichkeit, die Hochleistungskeramik Zirkonoxid als verl\u00e4ssliche Pfeiler f\u00fcr anspruchsvolle Zahnrestaurationen zu verwenden.<\/p>\n<\/div><\/section><\/p>\n<\/div><\/div>\n<\/div>\n<\/div><\/div><\/div><!-- close content main div --><\/div><\/div><div id='av-layout-grid-7' class='av-layout-grid-container entry-content-wrapper main_color av-flex-cells    container_wrap fullsize'   >\n<div class=\"flex_cell no_margin av_one_half   \" style='vertical-align:middle; padding:80px; '><div class='flex_cell_inner' ><p><div style='padding-bottom:10px; ' class='av-special-heading av-special-heading-h2  blockquote modern-quote   '><h2 class='av-special-heading-tag '  itemprop=\"headline\"  >Funktionsschienen<\/h2><div class='special-heading-border'><div class='special-heading-inner-border' ><\/div><\/div><\/div><br \/>\n<section class=\"av_textblock_section \"  itemscope=\"itemscope\" itemtype=\"https:\/\/schema.org\/CreativeWork\" ><div class='avia_textblock  '   itemprop=\"text\" ><p>Viele Menschen zerst\u00f6ren im Alltag oder nachts im Schlaf durch unbewusstes Knirschen oder Pressen den Zahnschmelz ihrer Z\u00e4hne. Das Fehlen dieser nat\u00fcrlichen Schutzschicht bewirkt zum einen Schmerzempfindlichkeit, zum anderen weitere Abrasionen an den Z\u00e4hnen. Im schlimmsten Fall droht Zahnverlust. Dies verl\u00e4uft oft von den Betroffenen unbemerkt. Kiefergelenksbeschwerden wie Verspannungen und Kopfschmerzen k\u00f6nnen irgendwann darauf hindeuten. H\u00e4ufig ist Stress die Ursache f\u00fcr das Z\u00e4hneknirschen, aber auch andere Ursachen k\u00f6nnen der Ausl\u00f6ser sein. So ist das n\u00e4chtliche Knirschen beispielsweise bei Zahn- oder Kieferfehlstellungen sowie insuffizientem Zahnersatz ein unbewusster Versuch der Betroffenen, diese Problematik zu korrigieren. Auch psychische Belastungsfaktoren tragen nicht selten zu einem Knirsch-Press-Verhalten bei.<\/p>\n<p>Neben Physiotherapie und Entspannungsverfahren k\u00f6nnen auch Funktionsschienen zum Einsatz kommen. Diese stellen einerseits einen Schutz der Z\u00e4hne vor weiteren Abnutzungen dar, andererseits werden Fehlfunktionen ausgeglichen, muskul\u00e4re Verspannungen behoben, das Kiefergelenk entlastet und vor weiteren Sch\u00e4den gesch\u00fctzt.<\/p>\n<\/div><\/section><\/p>\n<\/div><\/div><div class=\"flex_cell no_margin av_one_half   av-zero-padding \" style='vertical-align:middle; padding:0px; '><div class='flex_cell_inner' ><div class='avia-image-container  av-styling-no-styling    avia-align-center '  itemprop=\"ImageObject\" itemscope=\"itemscope\" itemtype=\"https:\/\/schema.org\/ImageObject\"  ><div class='avia-image-container-inner'><div class='avia-image-overlay-wrap'><img class='avia_image ' src='https:\/\/die-dental-lounge.de\/wp-content\/uploads\/2019\/01\/Facetune_06-01-2019-15-11-09-1030x773.jpg' alt='' title='SHOFU DENTAL DIGITAL CAMERA' height=\"773\"width=\"1030\"  itemprop=\"thumbnailUrl\"  \/><\/div><\/div><\/div>\n<\/div><\/div>\n<\/div>\n<\/div><\/div><\/div><!-- close content main div --><\/div><\/div><div id='av-layout-grid-8' class='av-layout-grid-container entry-content-wrapper main_color av-flex-cells    container_wrap fullsize'   >\n<div class=\"flex_cell no_margin av_one_half   av-zero-padding \" style='vertical-align:middle; padding:0px; '><div class='flex_cell_inner' ><div class='avia-image-container  av-styling-no-styling    avia-align-center '  itemprop=\"ImageObject\" itemscope=\"itemscope\" itemtype=\"https:\/\/schema.org\/ImageObject\"  ><div class='avia-image-container-inner'><div class='avia-image-overlay-wrap'><img class='avia_image ' src='https:\/\/die-dental-lounge.de\/wp-content\/uploads\/2019\/04\/TelekskoptechikGross.jpg' alt='' title='TelekskoptechikGross' height=\"1800\"width=\"1800\"  itemprop=\"thumbnailUrl\"  \/><\/div><\/div><\/div>\n<\/div><\/div><div class=\"flex_cell no_margin av_one_half   \" style='vertical-align:middle; padding:80px; '><div class='flex_cell_inner' ><p><div style='padding-bottom:10px; ' class='av-special-heading av-special-heading-h2  blockquote modern-quote   '><h2 class='av-special-heading-tag '  itemprop=\"headline\"  >Teleskoptechnik<\/h2><div class='special-heading-border'><div class='special-heading-inner-border' ><\/div><\/div><\/div><br \/>\n<section class=\"av_textblock_section \"  itemscope=\"itemscope\" itemtype=\"https:\/\/schema.org\/CreativeWork\" ><div class='avia_textblock  '   itemprop=\"text\" ><p>Die Teleskoptechnik stellt eine hochwertige Form des herausnehmbaren Zahnersatzes dar.<\/p>\n<p>Die Prothese besteht aus einer Kombination von festsitzendem und herausnehmbaren Zahnersatz und wird durch Teleskopaufbauten (Doppelkronen) an den vorhandenen, beschliffenen Z\u00e4hnen verankert. Die Teleskopkrone (Doppelkrone) besteht aus einer auf den Zahnstumpf zementierten Kappe, die den Zahnstumpf sch\u00fctzt. Eine zweite Krone wird auf dieses K\u00e4ppchen aufgearbeitet, an welcher die herausnehmbare Prothese befestigt wird. Der gute Tragekomfort sowie die Erweiterungsf\u00e4higkeit bei weiterem Zahnverlust z\u00e4hlen zu den Vorteilen dieser L\u00f6sung.<\/p>\n<\/div><\/section><\/p>\n<\/div><\/div>\n<\/div>\n","protected":false},"excerpt":{"rendered":"","protected":false},"author":1,"featured_media":0,"parent":0,"menu_order":0,"comment_status":"open","ping_status":"open","template":"","meta":{"footnotes":""},"_links":{"self":[{"href":"https:\/\/die-dental-lounge.de\/index.php?rest_route=\/wp\/v2\/pages\/535"}],"collection":[{"href":"https:\/\/die-dental-lounge.de\/index.php?rest_route=\/wp\/v2\/pages"}],"about":[{"href":"https:\/\/die-dental-lounge.de\/index.php?rest_route=\/wp\/v2\/types\/page"}],"author":[{"embeddable":true,"href":"https:\/\/die-dental-lounge.de\/index.php?rest_route=\/wp\/v2\/users\/1"}],"replies":[{"embeddable":true,"href":"https:\/\/die-dental-lounge.de\/index.php?rest_route=%2Fwp%2Fv2%2Fcomments&post=535"}],"version-history":[{"count":23,"href":"https:\/\/die-dental-lounge.de\/index.php?rest_route=\/wp\/v2\/pages\/535\/revisions"}],"predecessor-version":[{"id":873,"href":"https:\/\/die-dental-lounge.de\/index.php?rest_route=\/wp\/v2\/pages\/535\/revisions\/873"}],"wp:attachment":[{"href":"https:\/\/die-dental-lounge.de\/index.php?rest_route=%2Fwp%2Fv2%2Fmedia&parent=535"}],"curies":[{"name":"wp","href":"https:\/\/api.w.org\/{rel}","templated":true}]}}